{"id":8,"date":"2015-04-02T20:22:07","date_gmt":"2015-04-02T18:22:07","guid":{"rendered":"http:\/\/x-arts.net\/?page_id=8"},"modified":"2015-04-06T12:55:59","modified_gmt":"2015-04-06T10:55:59","slug":"deutsch-vita","status":"publish","type":"page","link":"https:\/\/x-arts.net\/de\/deutsch-vita\/","title":{"rendered":"Vita"},"content":{"rendered":"<p>Ihor Matsiyevskyy<\/p>\n<figure id=\"attachment_18\" aria-describedby=\"caption-attachment-18\" style=\"width: 300px\" class=\"wp-caption alignnone\"><a href=\"http:\/\/x-arts.net\/wp-content\/uploads\/2015\/04\/igor_work.jpg\"><img loading=\"lazy\" decoding=\"async\" class=\"size-medium wp-image-18\" src=\"http:\/\/x-arts.net\/wp-content\/uploads\/2015\/04\/igor_work-300x200.jpg\" alt=\"Ihor Matsiyevskyy \" width=\"300\" height=\"200\" srcset=\"https:\/\/x-arts.net\/wp-content\/uploads\/2015\/04\/igor_work-300x200.jpg 300w, https:\/\/x-arts.net\/wp-content\/uploads\/2015\/04\/igor_work.jpg 680w\" sizes=\"auto, (max-width: 300px) 100vw, 300px\" \/><\/a><figcaption id=\"caption-attachment-18\" class=\"wp-caption-text\">Ihor Matsiyevskyy<\/figcaption><\/figure>\n<p>Der K\u00fcnstler setzt mit seinem eigenen Stil die Familientradition fort. Bereits sein Vater lehrte als namhafter Glask\u00fcnstler an der Kunstakademie zu Lemberg.<\/p>\n<p>Seit 1982 arbeitet Ihor Matsiyevskyy als Glask\u00fcnstler in Lemberg\/Ukraine. Bereits w\u00e4hrend seines Studiums fand sein k\u00fcnstelerisches Werk in der Austellung seiner Arbeiten bei der EXPO 1983 in Barcelona die erste internationale W\u00fcrdigung.<br \/>\nIn den darauffolgenden Jahren setzte er seine k\u00fcnstlerische Entwicklung konsequent fort. Seine Werke werden in zahlreichen Einzel- und Gruppenausstellungen in der Ukraine, in Ru\u00dfland und Frankreich der \u00d6ffentlichkeit pr\u00e4sentiert.<\/p>\n<p>Ihor Matsiyevskyy<br \/>\nGeburtsdatum 28.03.1963<br \/>\nGeburtsort Lemberg\/ Ukraine<br \/>\n1980 bis 1985 Studium an der Akademie der K\u00fcnste in Lemberg mit Spezialisierung im Bereich Glaskunst<\/p>\n<p>Austellungen:<br \/>\n1983 Weltausstellung (EXPO) in Barcelona<br \/>\n1983 Moskau<br \/>\n1983-1986 Lemberg im Museum f\u00fcr ukrainische Kunst<br \/>\n1987 Kiev \u201eGlasminiatur&#8220;<br \/>\n1988 Moskau und Kiev<br \/>\n1989 Lemberg<br \/>\n1989, 1992, 1995, 1998 internationales Glas &#8211; Symposium in Lemberg<br \/>\n1999 eigene Ausstellung im Nationalmuseum der Ukraine in Lemberg<br \/>\n2000 eigene Ausstellung im Geb\u00e4ude der ukrainischen Volksk\u00fcnstler in Kiew<br \/>\neigene Ausstellung im ukrainischen Innenministerium in Kiew<br \/>\n2001, 2002 regionale Ausstellungen in Lemberg<br \/>\n2003 internationales Glas Symposium Lemberg<br \/>\n2003,2004 eigene Austellungen in Kiew<br \/>\n2004 internationale Ausstellung im UNESCO &#8211; Hauptquartier in Paris<br \/>\nJuni 2004 Ausstellung in Paris<\/p>","protected":false},"excerpt":{"rendered":"<p>Ihor Matsiyevskyy Der K\u00fcnstler setzt mit seinem eigenen Stil die Familientradition fort. Bereits sein Vater lehrte als namhafter Glask\u00fcnstler an der Kunstakademie zu Lemberg. Seit 1982 arbeitet Ihor Matsiyevskyy als Glask\u00fcnstler in Lemberg\/Ukraine. Bereits w\u00e4hrend seines Studiums fand sein k\u00fcnstelerisches Werk in der Austellung seiner Arbeiten bei der EXPO 1983 in Barcelona die erste internationale &hellip; <a href=\"https:\/\/x-arts.net\/de\/deutsch-vita\/\" class=\"more-link\"><span class=\"screen-reader-text\">Vita<\/span> weiterlesen <span class=\"meta-nav\">&rarr;<\/span><\/a><\/p>\n","protected":false},"author":3,"featured_media":0,"parent":0,"menu_order":20,"comment_status":"closed","ping_status":"closed","template":"","meta":{"footnotes":""},"class_list":["post-8","page","type-page","status-publish","hentry"],"_links":{"self":[{"href":"https:\/\/x-arts.net\/de\/wp-json\/wp\/v2\/pages\/8","targetHints":{"allow":["GET"]}}],"collection":[{"href":"https:\/\/x-arts.net\/de\/wp-json\/wp\/v2\/pages"}],"about":[{"href":"https:\/\/x-arts.net\/de\/wp-json\/wp\/v2\/types\/page"}],"author":[{"embeddable":true,"href":"https:\/\/x-arts.net\/de\/wp-json\/wp\/v2\/users\/3"}],"replies":[{"embeddable":true,"href":"https:\/\/x-arts.net\/de\/wp-json\/wp\/v2\/comments?post=8"}],"version-history":[{"count":12,"href":"https:\/\/x-arts.net\/de\/wp-json\/wp\/v2\/pages\/8\/revisions"}],"predecessor-version":[{"id":381,"href":"https:\/\/x-arts.net\/de\/wp-json\/wp\/v2\/pages\/8\/revisions\/381"}],"wp:attachment":[{"href":"https:\/\/x-arts.net\/de\/wp-json\/wp\/v2\/media?parent=8"}],"curies":[{"name":"wp","href":"https:\/\/api.w.org\/{rel}","templated":true}]}}