{"id":4,"date":"2015-04-02T19:52:08","date_gmt":"2015-04-02T17:52:08","guid":{"rendered":"http:\/\/x-arts.net\/glassWP\/?page_id=4"},"modified":"2022-10-20T19:56:12","modified_gmt":"2022-10-20T17:56:12","slug":"welcome","status":"publish","type":"page","link":"https:\/\/x-arts.net\/de\/","title":{"rendered":"Willkommen!"},"content":{"rendered":"<p>Sie sind erfolgreich und sch\u00e4tzen das Besondere.<br \/>\nSie genie\u00dfen \u00c4sthetik und Eleganz.<br \/>\nSie leben Ihren einzigartigen und unverwechselbaren Stil.<br \/>\nSie wissen um den geheimnisvollen Zauber des Eros.<\/p>\n<p>Lassen Sie sich inspirieren.<\/p>\n<p>Entdecken Sie eine neue Dimension der k\u00fcnstlerischen Auseinandersetzung mit dem ewig jungen Zauber der Weiblichkeit.<\/p>\n<p>Genie\u00dfen Sie die Eleganz und Formenvielfalt erlesener Objekte, den \u00fcberw\u00e4ltigenden Facettenreichtum der Korrespondenz von Formen, Licht und Stimmungen.<\/p>\n<p>Der K\u00fcnstler Ihor Matsiyevskyy z\u00e4hlt in seinem Heimatland, der Ukraine, zu den bedeutendsten K\u00fcnstlern der Gegenwart. Zahlreiche nationale und internationale Ausstellungen legen hierf\u00fcr Zeugnis ab.<\/p>\n<p>Alle Objekte werden in Kleinserien von ihm pers\u00f6nlich geschaffen. Sie sind handsigniert und nummeriert. Durch den aufwendigen Fertigungsprozess erwerben Sie mit jedem Objekt letztlich ein unverwechselbares Unikat.<\/p>\n<p>Seine einzigartigen Kreationen aus transluzentem Glas in gekonnter Verbindung mit der bronzenen Stofflichkeit der Gew\u00e4nder verh\u00fcllen und enth\u00fcllen zugleich. Seine Arbeiten faszinieren den Betrachter immer wieder aufs Neue durch das ver\u00e4nderte Zusammenspiel von Licht und Schatten.<\/p>\n<p>Besuchen Sie unsere Online-Galerie und genie\u00dfen Sie exquisite Kunst in ihrer sch\u00f6nsten Form.<\/p>","protected":false},"excerpt":{"rendered":"<p>Sie sind erfolgreich und sch\u00e4tzen das Besondere. Sie genie\u00dfen \u00c4sthetik und Eleganz. Sie leben Ihren einzigartigen und unverwechselbaren Stil. Sie wissen um den geheimnisvollen Zauber des Eros. Lassen Sie sich inspirieren. Entdecken Sie eine neue Dimension der k\u00fcnstlerischen Auseinandersetzung mit dem ewig jungen Zauber der Weiblichkeit. Genie\u00dfen Sie die Eleganz und Formenvielfalt erlesener Objekte, den &hellip; <a href=\"https:\/\/x-arts.net\/de\/\" class=\"more-link\"><span class=\"screen-reader-text\">Willkommen!<\/span> weiterlesen <span class=\"meta-nav\">&rarr;<\/span><\/a><\/p>\n","protected":false},"author":3,"featured_media":0,"parent":0,"menu_order":10,"comment_status":"closed","ping_status":"closed","template":"","meta":{"footnotes":""},"class_list":["post-4","page","type-page","status-publish","hentry"],"_links":{"self":[{"href":"https:\/\/x-arts.net\/de\/wp-json\/wp\/v2\/pages\/4","targetHints":{"allow":["GET"]}}],"collection":[{"href":"https:\/\/x-arts.net\/de\/wp-json\/wp\/v2\/pages"}],"about":[{"href":"https:\/\/x-arts.net\/de\/wp-json\/wp\/v2\/types\/page"}],"author":[{"embeddable":true,"href":"https:\/\/x-arts.net\/de\/wp-json\/wp\/v2\/users\/3"}],"replies":[{"embeddable":true,"href":"https:\/\/x-arts.net\/de\/wp-json\/wp\/v2\/comments?post=4"}],"version-history":[{"count":24,"href":"https:\/\/x-arts.net\/de\/wp-json\/wp\/v2\/pages\/4\/revisions"}],"predecessor-version":[{"id":589,"href":"https:\/\/x-arts.net\/de\/wp-json\/wp\/v2\/pages\/4\/revisions\/589"}],"wp:attachment":[{"href":"https:\/\/x-arts.net\/de\/wp-json\/wp\/v2\/media?parent=4"}],"curies":[{"name":"wp","href":"https:\/\/api.w.org\/{rel}","templated":true}]}}